{"id":48,"date":"2025-07-27T17:24:23","date_gmt":"2025-07-27T17:24:23","guid":{"rendered":"https:\/\/www.karantanija.org\/?page_id=48"},"modified":"2025-07-27T17:40:30","modified_gmt":"2025-07-27T17:40:30","slug":"projekt-zasvojenost-2","status":"publish","type":"page","link":"https:\/\/www.karantanija.org\/?page_id=48","title":{"rendered":"Projekt ZASVOJENOST"},"content":{"rendered":"\n<p><strong>Projekt Zasvojenost<\/strong> je celostna podpora posameznikom in njihovim bli\u017enjim, ki se soo\u010dajo z razli\u010dnimi vrstami odvisnosti \u2013 tako kemi\u010dnih (alkohol, droge) kot tudi nekemi\u010dnih (igre, ob\u010dutek zasvojenosti z digitalnimi vsebinami, pretirano nakupovanje itd.). Na\u0161 cilj je omogo\u010diti pot iz za\u010daranega kroga, graditi samozavest in obnoviti kakovost \u017eivljenja.<\/p>\n\n\n\n<p>\ud83e\udde0 <strong>Individualna in dru\u017einska podpora<\/strong> \u2013 svetovanje in psihosocialna pomo\u010d, prilagojena vsakemu posamezniku in njegovi situaciji.<\/p>\n\n\n\n<p>\ud83e\udde9 <strong>Skupinska in peer\u2011support sre\u010danja<\/strong> \u2013 dru\u017eenje in u\u010denje v skupinah, ki temeljijo na izmenjavi izku\u0161enj, brez stigme in sodb.<br><br>\ud83c\udf10 <strong>Razumevanje \u0161ir\u0161ega spektra zasvojenosti<\/strong> \u2013 zavedamo se, da zasvojenost ni le kemijska: digitalna pretirana raba, igre na sre\u010do ali nakupovanje prav tako lahko globoko pose\u017eejo v vsakdanje \u017eivljenje in medosebne odnose.<\/p>\n\n\n\n<h3 class=\"wp-block-heading\">Kaj ponujamo<\/h3>\n\n\n\n<ul class=\"wp-block-list\">\n<li><strong>Brezpla\u010dne svetovalne ure<\/strong> za posameznike in dru\u017eine, ki so \u017ee prizadeti zaradi zasvojenosti.<\/li>\n\n\n\n<li><strong>Edukativni programi<\/strong> za ozave\u0161\u010danje, prepre\u010devanje in krepitev \u017eivljenjskih ve\u0161\u010din.<\/li>\n\n\n\n<li><strong>Podpora v kriznih trenutkih<\/strong>, povezave do dodatnih strokovnih slu\u017eb in programov zdravljenja.<\/li>\n\n\n\n<li><strong>Neprekosljiv poudarek na odnosu<\/strong> \u2013 ne na diagnozi, temve\u010d na posamezniku, njegovi izku\u0161nji in \u017eelji po spremembi.<\/li>\n<\/ul>\n\n\n\n<h3 class=\"wp-block-heading\">Na\u0161e poslanstvo<\/h3>\n\n\n\n<p>Verjamemo, da je vsak posameznik sposoben za spremembo, ko dobi pravo oporo in razumevanje. Zasvojenost ne opredeljuje \u010dlovekove vrednosti \u2013 je stanje, ki ga je mogo\u010de soo\u010diti, prese\u010di in od katerega se je mogo\u010de povsem opomo\u010di. Humanitarno dru\u0161tvo Karantanija je tukaj, da nudi oporo na tej poti \u2013 brez stigme, s spo\u0161tovanjem, zaupanje in strokovno prisotnostjo.<\/p>\n","protected":false},"excerpt":{"rendered":"<p>Projekt Zasvojenost je celostna podpora posameznikom in njihovim bli\u017enjim, ki se soo\u010dajo z razli\u010dnimi vrstami odvisnosti \u2013 tako kemi\u010dnih (alkohol, droge) kot tudi nekemi\u010dnih (igre, ob\u010dutek zasvojenosti z digitalnimi vsebinami, pretirano nakupovanje itd.). Na\u0161 cilj je omogo\u010diti pot iz za\u010daranega kroga, graditi samozavest in obnoviti kakovost \u017eivljenja. \ud83e\udde0 Individualna in dru\u017einska podpora \u2013 svetovanje in &hellip; <a href=\"https:\/\/www.karantanija.org\/?page_id=48\" class=\"more-link\">Preberi ve\u010d o <span class=\"screen-reader-text\">Projekt ZASVOJENOST<\/span><\/a><\/p>\n","protected":false},"author":1,"featured_media":0,"parent":0,"menu_order":0,"comment_status":"closed","ping_status":"closed","template":"","meta":{"footnotes":""},"class_list":["post-48","page","type-page","status-publish","hentry"],"_links":{"self":[{"href":"https:\/\/www.karantanija.org\/index.php?rest_route=\/wp\/v2\/pages\/48","targetHints":{"allow":["GET"]}}],"collection":[{"href":"https:\/\/www.karantanija.org\/index.php?rest_route=\/wp\/v2\/pages"}],"about":[{"href":"https:\/\/www.karantanija.org\/index.php?rest_route=\/wp\/v2\/types\/page"}],"author":[{"embeddable":true,"href":"https:\/\/www.karantanija.org\/index.php?rest_route=\/wp\/v2\/users\/1"}],"replies":[{"embeddable":true,"href":"https:\/\/www.karantanija.org\/index.php?rest_route=%2Fwp%2Fv2%2Fcomments&post=48"}],"version-history":[{"count":3,"href":"https:\/\/www.karantanija.org\/index.php?rest_route=\/wp\/v2\/pages\/48\/revisions"}],"predecessor-version":[{"id":57,"href":"https:\/\/www.karantanija.org\/index.php?rest_route=\/wp\/v2\/pages\/48\/revisions\/57"}],"wp:attachment":[{"href":"https:\/\/www.karantanija.org\/index.php?rest_route=%2Fwp%2Fv2%2Fmedia&parent=48"}],"curies":[{"name":"wp","href":"https:\/\/api.w.org\/{rel}","templated":true}]}}