{"id":46,"date":"2025-07-27T17:24:23","date_gmt":"2025-07-27T17:24:23","guid":{"rendered":"https:\/\/www.karantanija.org\/?page_id=46"},"modified":"2025-07-27T17:33:28","modified_gmt":"2025-07-27T17:33:28","slug":"projekt-hospic-2","status":"publish","type":"page","link":"https:\/\/www.karantanija.org\/?page_id=46","title":{"rendered":"Projekt HOSPIC"},"content":{"rendered":"\n<p><strong>Projekt Hospic<\/strong> je prostor <strong>so\u010dutja, dostojanstva in \u010dlove\u0161ke bli\u017eine<\/strong>, namenjen vsem, ki se soo\u010dajo z <strong>neozdravljivo boleznijo, zaklju\u010devanjem \u017eivljenja<\/strong> ali <strong>izgubo bli\u017enjega<\/strong>. Verjamemo, da vsak \u010dlovek zaslu\u017ei spo\u0161tovanje, mir in podporo \u2013 tako ob slovesu kot tudi v bole\u010dem \u010dasu \u017ealovanja.<br><br>Na\u0161 cilj je zagotavljati <strong>celostno podporo<\/strong> ljudem v te\u017ekih \u017eivljenjskih obdobjih \u2013 ne le bolnikom v zadnji fazi bolezni, temve\u010d tudi <strong>njihovim svojcem<\/strong> ter <strong>vsem, ki \u017ealujejo<\/strong> po izgubi bli\u017enjega. Skozi odnos, pogovor in prisotnost gradimo varen prostor, kjer je dovoljeno biti ranljiv.<br><br>\ud83d\udd4a <strong>Spremljanje umirajo\u010dih<\/strong> \u2013 v zadnjih trenutkih \u017eivljenja omogo\u010dimo mirno, spo\u0161tljivo in \u010dim manj bole\u010de slovo v doma\u010dem ali oskrbnem okolju.<br><br>\ud83e\udd1d <strong>Podpora svojcem<\/strong> \u2013 \u017ee v \u010dasu bolezni nudimo psihosocialno pomo\u010d in prostor za pogovor, stiske, vpra\u0161anja in pripravo na slovo.<\/p>\n\n\n\n<p>\ud83c\udf31 <strong>Spremljanje \u017ealujo\u010dih<\/strong> \u2013 po izgubi bli\u017enjega nudimo podporo v procesu \u017ealovanja, individualno ali v skupini, brez \u010dasovnih omejitev.<\/p>\n\n\n\n<p>\ud83d\udcac <strong>\u010cas za pogovor<\/strong> \u2013 vsakdo je dobrodo\u0161el. Ne ponujamo hitrih re\u0161itev, temve\u010d <strong>prisluhnemo, spremljamo in ostanemo blizu<\/strong>.<\/p>\n\n\n\n<h3 class=\"wp-block-heading\">Na\u0161e vodilo<\/h3>\n\n\n\n<p>V ospredju je <strong>\u010dlovek, ne bolezen<\/strong>. Vsaka zgodba je druga\u010dna, vsako slovo je osebno. Na\u0161 projekt temelji na <strong>spo\u0161tovanju \u017eivljenja v vseh njegovih fazah<\/strong> \u2013 tudi takrat, ko je zaznamovano z izgubo, bole\u010dino ali negotovostjo. V teh trenutkih ponujamo <strong>so\u010dutno prisotnost<\/strong>, brez sodbe, brez naglice.<\/p>\n\n\n\n<p><\/p>\n","protected":false},"excerpt":{"rendered":"<p>Projekt Hospic je prostor so\u010dutja, dostojanstva in \u010dlove\u0161ke bli\u017eine, namenjen vsem, ki se soo\u010dajo z neozdravljivo boleznijo, zaklju\u010devanjem \u017eivljenja ali izgubo bli\u017enjega. Verjamemo, da vsak \u010dlovek zaslu\u017ei spo\u0161tovanje, mir in podporo \u2013 tako ob slovesu kot tudi v bole\u010dem \u010dasu \u017ealovanja. Na\u0161 cilj je zagotavljati celostno podporo ljudem v te\u017ekih \u017eivljenjskih obdobjih \u2013 ne le &hellip; <a href=\"https:\/\/www.karantanija.org\/?page_id=46\" class=\"more-link\">Preberi ve\u010d o <span class=\"screen-reader-text\">Projekt HOSPIC<\/span><\/a><\/p>\n","protected":false},"author":1,"featured_media":0,"parent":0,"menu_order":0,"comment_status":"closed","ping_status":"closed","template":"","meta":{"footnotes":""},"class_list":["post-46","page","type-page","status-publish","hentry"],"_links":{"self":[{"href":"https:\/\/www.karantanija.org\/index.php?rest_route=\/wp\/v2\/pages\/46","targetHints":{"allow":["GET"]}}],"collection":[{"href":"https:\/\/www.karantanija.org\/index.php?rest_route=\/wp\/v2\/pages"}],"about":[{"href":"https:\/\/www.karantanija.org\/index.php?rest_route=\/wp\/v2\/types\/page"}],"author":[{"embeddable":true,"href":"https:\/\/www.karantanija.org\/index.php?rest_route=\/wp\/v2\/users\/1"}],"replies":[{"embeddable":true,"href":"https:\/\/www.karantanija.org\/index.php?rest_route=%2Fwp%2Fv2%2Fcomments&post=46"}],"version-history":[{"count":2,"href":"https:\/\/www.karantanija.org\/index.php?rest_route=\/wp\/v2\/pages\/46\/revisions"}],"predecessor-version":[{"id":54,"href":"https:\/\/www.karantanija.org\/index.php?rest_route=\/wp\/v2\/pages\/46\/revisions\/54"}],"wp:attachment":[{"href":"https:\/\/www.karantanija.org\/index.php?rest_route=%2Fwp%2Fv2%2Fmedia&parent=46"}],"curies":[{"name":"wp","href":"https:\/\/api.w.org\/{rel}","templated":true}]}}