{"id":101,"date":"2026-02-22T23:04:32","date_gmt":"2026-02-22T23:04:32","guid":{"rendered":"https:\/\/www.karantanija.org\/?page_id=101"},"modified":"2026-02-22T23:04:32","modified_gmt":"2026-02-22T23:04:32","slug":"donacije","status":"publish","type":"page","link":"https:\/\/www.karantanija.org\/?page_id=101","title":{"rendered":"Donacije"},"content":{"rendered":"\n<p>Humanitarno dru\u0161tvo Karantanija deluje zato, da pomaga ljudem v te\u017ekih \u017eivljenjskih situacijah, hitro, konkretno in z dostojanstvom. Va\u0161a donacija nam omogo\u010da, da smo tam, kjer je pomo\u010d najbolj potrebna: pri posameznikih in dru\u017einah, ki se soo\u010dajo z boleznijo, socialno stisko, osamljenostjo ali drugimi oblikami ranljivosti.<\/p>\n\n\n\n<p>Z donacijo podprete:<\/p>\n\n\n\n<ul class=\"wp-block-list\">\n<li><strong>neposredno pomo\u010d uporabnikom<\/strong> (npr. osnovne \u017eivljenjske potreb\u0161\u010dine, nujna podpora v stiski),<\/li>\n\n\n\n<li><strong>humanitarne programe dru\u0161tva<\/strong> in izvajanje aktivnosti na terenu,<\/li>\n\n\n\n<li><strong>svetovanje, spremljanje in podporo<\/strong> ljudem ter njihovim svojcem,<\/li>\n\n\n\n<li><strong>ozave\u0161\u010danje in izobra\u017eevanja<\/strong>, ki krepijo solidarnost in skrb za so\u010dloveka.<\/li>\n<\/ul>\n\n\n\n<p>Vsak prispevek \u0161teje \u2013 ne glede na to, ali gre za enkratno ali redno podporo.<\/p>\n\n\n\n<h3 class=\"wp-block-heading\">1. Nakazilo na TRR<\/h3>\n\n\n\n<ul class=\"wp-block-list\">\n<li><strong>Prejemnik:<\/strong> Humanitarno dru\u0161tvo Karantanija<\/li>\n\n\n\n<li><strong>Naslov:<\/strong> Pre\u0161ernova ulica 27, 3000 Celje<\/li>\n\n\n\n<li><strong>TRR (IBAN):<\/strong> SI56 6100 0002 7092 738<\/li>\n\n\n\n<li><strong>Namen:<\/strong> Donacija<\/li>\n\n\n\n<li><strong>Koda namena:<\/strong> CHAR<\/li>\n\n\n\n<li><strong>Sklic:<\/strong> SI00 (datum donacije)<\/li>\n<\/ul>\n\n\n\n<p><em>(Primer sklica: SI00 22022026)<\/em><\/p>\n\n\n\n<h3 class=\"wp-block-heading\">2. Redna mese\u010dna donacija<\/h3>\n\n\n\n<p>\u010ce \u017eelite pomagati dolgoro\u010dno, lahko nastavite <strong>trajnik<\/strong>. Redna podpora nam omogo\u010da stabilnej\u0161e na\u010drtovanje hospic pomo\u010di in hitro odzivnost.<\/p>\n\n\n\n<h3 class=\"wp-block-heading\">3. Donacija preko QR kode<\/h3>\n\n\n\n<p>Za hitro in enostavno donacijo lahko uporabite <strong>QR kodo (UPN QR)<\/strong> v mobilni banki.<\/p>\n\n\n\n<ol class=\"wp-block-list\">\n<li>Odprite aplikacijo svoje mobilne banke.<\/li>\n\n\n\n<li>Izberite <strong>Pla\u010dilo s QR kodo<\/strong>.<\/li>\n\n\n\n<li>Skenirajte spodnjo QR kodo.<\/li>\n\n\n\n<li>Vnesite \u017eeleni znesek donacije in potrdite pla\u010dilo.<\/li>\n<\/ol>\n\n\n\n<figure class=\"wp-block-image size-full\"><img loading=\"lazy\" decoding=\"async\" width=\"385\" height=\"385\" src=\"https:\/\/www.karantanija.org\/wp-content\/uploads\/2026\/02\/KARANTANIJA_QR_KODA_2026.png\" alt=\"\" class=\"wp-image-102\" srcset=\"https:\/\/www.karantanija.org\/wp-content\/uploads\/2026\/02\/KARANTANIJA_QR_KODA_2026.png 385w, https:\/\/www.karantanija.org\/wp-content\/uploads\/2026\/02\/KARANTANIJA_QR_KODA_2026-300x300.png 300w, https:\/\/www.karantanija.org\/wp-content\/uploads\/2026\/02\/KARANTANIJA_QR_KODA_2026-150x150.png 150w\" sizes=\"auto, (max-width: 385px) 100vw, 385px\" \/><\/figure>\n","protected":false},"excerpt":{"rendered":"<p>Humanitarno dru\u0161tvo Karantanija deluje zato, da pomaga ljudem v te\u017ekih \u017eivljenjskih situacijah, hitro, konkretno in z dostojanstvom. Va\u0161a donacija nam omogo\u010da, da smo tam, kjer je pomo\u010d najbolj potrebna: pri posameznikih in dru\u017einah, ki se soo\u010dajo z boleznijo, socialno stisko, osamljenostjo ali drugimi oblikami ranljivosti. Z donacijo podprete: Vsak prispevek \u0161teje \u2013 ne glede na &hellip; <a href=\"https:\/\/www.karantanija.org\/?page_id=101\" class=\"more-link\">Preberi ve\u010d o <span class=\"screen-reader-text\">Donacije<\/span><\/a><\/p>\n","protected":false},"author":1,"featured_media":0,"parent":0,"menu_order":0,"comment_status":"closed","ping_status":"closed","template":"","meta":{"footnotes":""},"class_list":["post-101","page","type-page","status-publish","hentry"],"_links":{"self":[{"href":"https:\/\/www.karantanija.org\/index.php?rest_route=\/wp\/v2\/pages\/101","targetHints":{"allow":["GET"]}}],"collection":[{"href":"https:\/\/www.karantanija.org\/index.php?rest_route=\/wp\/v2\/pages"}],"about":[{"href":"https:\/\/www.karantanija.org\/index.php?rest_route=\/wp\/v2\/types\/page"}],"author":[{"embeddable":true,"href":"https:\/\/www.karantanija.org\/index.php?rest_route=\/wp\/v2\/users\/1"}],"replies":[{"embeddable":true,"href":"https:\/\/www.karantanija.org\/index.php?rest_route=%2Fwp%2Fv2%2Fcomments&post=101"}],"version-history":[{"count":1,"href":"https:\/\/www.karantanija.org\/index.php?rest_route=\/wp\/v2\/pages\/101\/revisions"}],"predecessor-version":[{"id":103,"href":"https:\/\/www.karantanija.org\/index.php?rest_route=\/wp\/v2\/pages\/101\/revisions\/103"}],"wp:attachment":[{"href":"https:\/\/www.karantanija.org\/index.php?rest_route=%2Fwp%2Fv2%2Fmedia&parent=101"}],"curies":[{"name":"wp","href":"https:\/\/api.w.org\/{rel}","templated":true}]}}